{"id":86,"date":"2022-11-29T00:50:50","date_gmt":"2022-11-29T00:50:50","guid":{"rendered":"http:\/\/92a404.gerald.shared.1984.is\/?page_id=86"},"modified":"2022-11-29T00:51:49","modified_gmt":"2022-11-29T00:51:49","slug":"mussikk-am-nyligen","status":"publish","type":"page","link":"https:\/\/gimaldin.org\/?page_id=86","title":{"rendered":"Mussikk am nyligen"},"content":{"rendered":"\n<p>B\u00fai\u00f0 er a\u00f0 b\u00f3ka spiler\u00ed hj\u00e1 T\u00f3nlistarsk\u00f3lanum \u00e1 \u00cdsafir\u00f0i \u00ed mars, 2023. Ver\u00f0ur augl\u00fdst betur \u00feegar n\u00e6r dregur.<\/p>\n\n\n\n<p>\u00dar Korg-fet\u00edsu r\u00f6\u00f0inni. Verk n\u00famer 2 er \u00e1 lei\u00f0inni<\/p>\n\n\n\n<figure class=\"wp-block-embed is-type-rich is-provider-soundcloud wp-block-embed-soundcloud\"><div class=\"wp-block-embed__wrapper\">\n<iframe loading=\"lazy\" title=\"Such Are The Waves Of State And the Op Yours Six by g\u00edmaldin\" width=\"620\" height=\"400\" scrolling=\"no\" frameborder=\"no\" src=\"https:\/\/w.soundcloud.com\/player\/?visual=true&#038;url=https%3A%2F%2Fapi.soundcloud.com%2Ftracks%2F1343339941&#038;show_artwork=true&#038;maxheight=930&#038;maxwidth=620\"><\/iframe>\n<\/div><\/figure>\n\n\n\n<p>\u00c1 haustm\u00e1nu\u00f0um 2022 hittumst vi\u00f0 Loftur S. Loftsson eftir a\u00f0 hafa \u00e6ft upp og leiki\u00f0 ofurl\u00edti\u00f0 t\u00f3nleikapr\u00f3gram, og ger\u00f0um soldi\u00f0 octaver popp:<br><\/p>\n\n\n\n<figure class=\"wp-block-embed is-type-rich is-provider-spotify wp-block-embed-spotify wp-embed-aspect-21-9 wp-has-aspect-ratio\"><div class=\"wp-block-embed__wrapper\">\n<iframe title=\"Spotify Embed: The E-rotic Sex Money\" style=\"border-radius: 12px\" width=\"100%\" height=\"352\" frameborder=\"0\" allowfullscreen allow=\"autoplay; clipboard-write; encrypted-media; fullscreen; picture-in-picture\" loading=\"lazy\" src=\"https:\/\/open.spotify.com\/embed\/album\/0TcVh6uEHmeOoHsjPomhwZ?si=5a1ca71397894d7b&#038;utm_source=oembed\"><\/iframe>\n<\/div><\/figure>\n\n\n\n<p><\/p>\n\n\n\n<figure class=\"wp-block-embed is-type-video is-provider-youtube wp-block-embed-youtube wp-embed-aspect-16-9 wp-has-aspect-ratio\"><div class=\"wp-block-embed__wrapper\">\n<iframe loading=\"lazy\"  id=\"_ytid_29434\"  width=\"620\" height=\"348\"  data-origwidth=\"620\" data-origheight=\"348\" src=\"https:\/\/www.youtube.com\/embed\/WYIH3LPpHMI?enablejsapi=1&#038;autoplay=0&#038;cc_load_policy=0&#038;cc_lang_pref=&#038;iv_load_policy=1&#038;loop=0&#038;rel=1&#038;fs=1&#038;playsinline=0&#038;autohide=2&#038;theme=dark&#038;color=red&#038;controls=1&#038;disablekb=0&#038;\" class=\"__youtube_prefs__  epyt-is-override  no-lazyload\" title=\"YouTube player\"  allow=\"fullscreen; accelerometer; autoplay; clipboard-write; encrypted-media; gyroscope; picture-in-picture; web-share\" referrerpolicy=\"strict-origin-when-cross-origin\" allowfullscreen data-no-lazy=\"1\" data-skipgform_ajax_framebjll=\"\"><\/iframe>\n<\/div><\/figure>\n\n\n\n<p>5. hlutinn \u00far Kinly Related ser\u00edunni var fluttur \u00e1 Fagurh\u00f3lsm\u00fdri \u00ed ma\u00ed \u00e1ri\u00f0 2021 &#8211; vi\u00f0 myndskreytingu Evu Bjarnad\u00f3ttur.<\/p>\n\n\n\n<p><\/p>\n","protected":false},"excerpt":{"rendered":"<p>B\u00fai\u00f0 er a\u00f0 b\u00f3ka spiler\u00ed hj\u00e1 T\u00f3nlistarsk\u00f3lanum \u00e1 \u00cdsafir\u00f0i \u00ed mars, 2023. Ver\u00f0ur augl\u00fdst betur \u00feegar n\u00e6r dregur. \u00dar Korg-fet\u00edsu r\u00f6\u00f0inni. Verk n\u00famer 2 er \u00e1 lei\u00f0inni \u00c1 haustm\u00e1nu\u00f0um 2022 hittumst vi\u00f0 Loftur S. Loftsson eftir a\u00f0 hafa \u00e6ft upp og leiki\u00f0 ofurl\u00edti\u00f0 t\u00f3nleikapr\u00f3gram, og ger\u00f0um soldi\u00f0 octaver popp: 5. hlutinn \u00far Kinly Related ser\u00edunni<a class=\"more-link\" href=\"https:\/\/gimaldin.org\/?page_id=86\">Continue reading <span class=\"screen-reader-text\">&#8220;Mussikk am nyligen&#8221;<\/span><\/a><\/p>\n","protected":false},"author":2,"featured_media":0,"parent":0,"menu_order":0,"comment_status":"closed","ping_status":"closed","template":"","meta":{"footnotes":""},"class_list":["post-86","page","type-page","status-publish","hentry","entry"],"_links":{"self":[{"href":"https:\/\/gimaldin.org\/index.php?rest_route=\/wp\/v2\/pages\/86","targetHints":{"allow":["GET"]}}],"collection":[{"href":"https:\/\/gimaldin.org\/index.php?rest_route=\/wp\/v2\/pages"}],"about":[{"href":"https:\/\/gimaldin.org\/index.php?rest_route=\/wp\/v2\/types\/page"}],"author":[{"embeddable":true,"href":"https:\/\/gimaldin.org\/index.php?rest_route=\/wp\/v2\/users\/2"}],"replies":[{"embeddable":true,"href":"https:\/\/gimaldin.org\/index.php?rest_route=%2Fwp%2Fv2%2Fcomments&post=86"}],"version-history":[{"count":2,"href":"https:\/\/gimaldin.org\/index.php?rest_route=\/wp\/v2\/pages\/86\/revisions"}],"predecessor-version":[{"id":89,"href":"https:\/\/gimaldin.org\/index.php?rest_route=\/wp\/v2\/pages\/86\/revisions\/89"}],"wp:attachment":[{"href":"https:\/\/gimaldin.org\/index.php?rest_route=%2Fwp%2Fv2%2Fmedia&parent=86"}],"curies":[{"name":"wp","href":"https:\/\/api.w.org\/{rel}","templated":true}]}}